{"id":296,"date":"2021-10-31T12:48:42","date_gmt":"2021-10-31T12:48:42","guid":{"rendered":"https:\/\/onetrustdemo.com\/?page_id=296"},"modified":"2023-01-12T15:40:27","modified_gmt":"2023-01-12T18:40:27","slug":"privacidade","status":"publish","type":"page","link":"https:\/\/onetrustdemo.com\/en\/privacidade\/","title":{"rendered":"Privacy"},"content":{"rendered":"<div data-elementor-type=\"wp-page\" data-elementor-id=\"296\" class=\"elementor elementor-296\" data-elementor-post-type=\"page\">\n\t\t\t\t\t\t<section data-particle_enable=\"false\" data-particle-mobile-disabled=\"false\" class=\"elementor-section elementor-top-section elementor-element elementor-element-e6d1370 elementor-section-boxed elementor-section-height-default elementor-section-height-default\" data-id=\"e6d1370\" data-element_type=\"section\" data-settings=\"{&quot;background_background&quot;:&quot;classic&quot;,&quot;shape_divider_bottom&quot;:&quot;opacity-tilt&quot;}\">\n\t\t\t\t\t\t\t<div class=\"elementor-background-overlay\"><\/div>\n\t\t\t\t\t\t<div class=\"elementor-shape elementor-shape-bottom\" data-negative=\"false\">\n\t\t\t<svg xmlns=\"http:\/\/www.w3.org\/2000\/svg\" viewbox=\"0 0 2600 131.1\" preserveaspectratio=\"none\">\n\t<path class=\"elementor-shape-fill\" d=\"M0 0L2600 0 2600 69.1 0 0z\"\/>\n\t<path class=\"elementor-shape-fill\" style=\"opacity:0.5\" d=\"M0 0L2600 0 2600 69.1 0 69.1z\"\/>\n\t<path class=\"elementor-shape-fill\" style=\"opacity:0.25\" d=\"M2600 0L0 0 0 130.1 2600 69.1z\"\/>\n<\/svg>\t\t<\/div>\n\t\t\t\t\t<div class=\"elementor-container elementor-column-gap-default\">\n\t\t\t\t\t<div class=\"elementor-column elementor-col-100 elementor-top-column elementor-element elementor-element-1b27c81\" data-id=\"1b27c81\" data-element_type=\"column\">\n\t\t\t<div class=\"elementor-widget-wrap elementor-element-populated\">\n\t\t\t\t\t\t<div class=\"elementor-element elementor-element-42d7b6a elementor-widget elementor-widget-heading\" data-id=\"42d7b6a\" data-element_type=\"widget\" data-widget_type=\"heading.default\">\n\t\t\t\t<div class=\"elementor-widget-container\">\n\t\t\t<h1 class=\"elementor-heading-title elementor-size-xxl\">Privacy<br>(demonstration)<\/h1>\t\t<\/div>\n\t\t\t\t<\/div>\n\t\t\t\t\t<\/div>\n\t\t<\/div>\n\t\t\t\t\t<\/div>\n\t\t<\/section>\n\t\t\t\t<section data-particle_enable=\"false\" data-particle-mobile-disabled=\"false\" class=\"elementor-section elementor-top-section elementor-element elementor-element-5232ebc elementor-section-boxed elementor-section-height-default elementor-section-height-default\" data-id=\"5232ebc\" data-element_type=\"section\" data-settings=\"{&quot;background_background&quot;:&quot;classic&quot;}\">\n\t\t\t\t\t\t<div class=\"elementor-container elementor-column-gap-default\">\n\t\t\t\t\t<div class=\"elementor-column elementor-col-100 elementor-top-column elementor-element elementor-element-c0d2f96\" data-id=\"c0d2f96\" data-element_type=\"column\">\n\t\t\t<div class=\"elementor-widget-wrap elementor-element-populated\">\n\t\t\t\t\t\t<div class=\"elementor-element elementor-element-020e572 elementor-widget elementor-widget-text-editor\" data-id=\"020e572\" data-element_type=\"widget\" data-widget_type=\"text-editor.default\">\n\t\t\t\t<div class=\"elementor-widget-container\">\n\t\t\t\t\t\t\t<p class=\" translation-block\"><p>Here in our privacy section, you can <strong>exercise<\/strong> your <strong><a href=\"https:\/\/privacyportal-br.onetrust.com\/webform\/fbf53af1-5517-4102-a6d9-3a34f66e23eb\/4d305c49-43f6-4559-afbc-b569eeebeef1\" target=\"_blank\">right as a data subject<\/a><\/strong>.&nbsp;If you also prefer, you can independently <strong>update<\/strong> your <strong><a href=\"https:\/\/privacyportal-br.onetrust.com\/ui\/#\/preferences\/multipage\/login\/64995873-fc7b-449f-a065-6ad454c69eed\" target=\"_blank\">consent preferences<\/a><\/strong> for a previous registration on our site. Or <strong>open<\/strong> an <strong><a href=\"https:\/\/privacyportal-br.onetrust.com\/incident-portal\/webforms\/fbf53af1-5517-4102-a6d9-3a34f66e23eb\/26ab1f6c-3360-42fa-a83f-0bae7ec85118\" target=\"_blank\">incident record<\/a><\/strong>.<br \/>For all of the above cases, you can also exercise your right as a data subject, update your consent preferences or open an incident record by clicking on the <strong>\"Open a Request\"<\/strong>, <strong>\"Consent Portal\"<\/strong> or <strong>\"Incident Record\"<\/strong> buttons respectively below.<\/p><\/p><p><span style=\"color: var( --e-global-color-99900b0 ); font-family: var( --e-global-typography-text-font-family ), Sans-serif; font-weight: var( --e-global-typography-text-font-weight ); font-size: var(--global--font-size-base);\">On this same page, further down, you have access to our privacy and cookie policy, as well as the date it was last updated.\u00a0<\/span><\/p>\t\t\t\t\t\t<\/div>\n\t\t\t\t<\/div>\n\t\t\t\t<div class=\"elementor-element elementor-element-7af1fb8 elementor-align-justify buttonsPrivacy elementor-widget elementor-widget-button\" data-id=\"7af1fb8\" data-element_type=\"widget\" data-widget_type=\"button.default\">\n\t\t\t\t<div class=\"elementor-widget-container\">\n\t\t\t\t\t<div class=\"elementor-button-wrapper\">\n\t\t\t<a class=\"elementor-button elementor-button-link elementor-size-sm\" href=\"https:\/\/privacyportal-br.onetrust.com\/webform\/fbf53af1-5517-4102-a6d9-3a34f66e23eb\/4d305c49-43f6-4559-afbc-b569eeebeef1\" target=\"_blank\" rel=\"nofollow\">\n\t\t\t\t\t\t<span class=\"elementor-button-content-wrapper\">\n\t\t\t\t\t\t\t\t\t<span class=\"elementor-button-text\">Open a<br>Request<\/span>\n\t\t\t\t\t<\/span>\n\t\t\t\t\t<\/a>\n\t\t<\/div>\n\t\t\t\t<\/div>\n\t\t\t\t<\/div>\n\t\t\t\t<div class=\"elementor-element elementor-element-ece807e elementor-align-justify buttonsPrivacy elementor-widget elementor-widget-button\" data-id=\"ece807e\" data-element_type=\"widget\" data-widget_type=\"button.default\">\n\t\t\t\t<div class=\"elementor-widget-container\">\n\t\t\t\t\t<div class=\"elementor-button-wrapper\">\n\t\t\t<a class=\"elementor-button elementor-button-link elementor-size-sm\" href=\"https:\/\/privacyportal-br.onetrust.com\/ui\/#\/preferences\/multipage\/login\/64995873-fc7b-449f-a065-6ad454c69eed\">\n\t\t\t\t\t\t<span class=\"elementor-button-content-wrapper\">\n\t\t\t\t\t\t\t\t\t<span class=\"elementor-button-text\">Consent<br>Portal<\/span>\n\t\t\t\t\t<\/span>\n\t\t\t\t\t<\/a>\n\t\t<\/div>\n\t\t\t\t<\/div>\n\t\t\t\t<\/div>\n\t\t\t\t<div class=\"elementor-element elementor-element-f1ce0fe elementor-align-justify buttonsPrivacy elementor-widget elementor-widget-button\" data-id=\"f1ce0fe\" data-element_type=\"widget\" data-widget_type=\"button.default\">\n\t\t\t\t<div class=\"elementor-widget-container\">\n\t\t\t\t\t<div class=\"elementor-button-wrapper\">\n\t\t\t<a class=\"elementor-button elementor-button-link elementor-size-sm\" href=\"https:\/\/privacyportal-br.onetrust.com\/incident-portal\/webforms\/fbf53af1-5517-4102-a6d9-3a34f66e23eb\/26ab1f6c-3360-42fa-a83f-0bae7ec85118\">\n\t\t\t\t\t\t<span class=\"elementor-button-content-wrapper\">\n\t\t\t\t\t\t\t\t\t<span class=\"elementor-button-text\">Incident<br>Report<\/span>\n\t\t\t\t\t<\/span>\n\t\t\t\t\t<\/a>\n\t\t<\/div>\n\t\t\t\t<\/div>\n\t\t\t\t<\/div>\n\t\t\t\t\t<\/div>\n\t\t<\/div>\n\t\t\t\t\t<\/div>\n\t\t<\/section>\n\t\t\t\t<section data-particle_enable=\"false\" data-particle-mobile-disabled=\"false\" class=\"elementor-section elementor-top-section elementor-element elementor-element-a966e66 elementor-section-boxed elementor-section-height-default elementor-section-height-default\" data-id=\"a966e66\" data-element_type=\"section\" data-settings=\"{&quot;background_background&quot;:&quot;classic&quot;}\">\n\t\t\t\t\t\t\t<div class=\"elementor-background-overlay\"><\/div>\n\t\t\t\t\t\t\t<div class=\"elementor-container elementor-column-gap-default\">\n\t\t\t\t\t<div class=\"elementor-column elementor-col-100 elementor-top-column elementor-element elementor-element-8cccf2c\" data-id=\"8cccf2c\" data-element_type=\"column\">\n\t\t\t<div class=\"elementor-widget-wrap elementor-element-populated\">\n\t\t\t\t\t\t<div class=\"elementor-element elementor-element-6b30f38 elementor-widget elementor-widget-html\" data-id=\"6b30f38\" data-element_type=\"widget\" data-widget_type=\"html.default\">\n\t\t\t\t<div class=\"elementor-widget-container\">\n\t\t\t<!-- OneTrust Privacy Notice start -->\r\n  <!-- Container in which the privacy notice will be rendered -->\r\n  \r\n<!-- \r\n  <div id=\"otnotice-05baf8c6-6082-45f5-8a84-fb50d7f50d69\" class=\"otnotice\"><\/div>\r\n  \r\n  <script src=\"https:\/\/privacyportal-br-cdn.onetrust.com\/privacy-notice-scripts\/otnotice-1.0.min.js\" type=\"text\/javascript\" charset=\"UTF-8\" id=\"otprivacy-notice-script\">\r\n      settings=\"eyJjYWxsYmFja1VybCI6Imh0dHBzOi8vcHJpdmFjeXBvcnRhbC1ici5vbmV0cnVzdC5jb20vcmVxdWVzdC92MS9wcml2YWN5Tm90aWNlcy9zdGF0cy92aWV3cyJ9\"\r\n    <\/script>\r\n  \r\n  <script type=\"text\/javascript\" charset=\"UTF-8\">\r\n      \/\/ To ensure external settings are loaded, use the Initialized promise:\r\n      OneTrust.NoticeApi.Initialized.then(function() {\r\n        OneTrust.NoticeApi.LoadNotices([\"https:\/\/privacyportal-br-cdn.onetrust.com\/fbf53af1-5517-4102-a6d9-3a34f66e23eb\/privacy-notices\/05baf8c6-6082-45f5-8a84-fb50d7f50d69.json\"]);\r\n      });\r\n    <\/script>\r\n    \r\n-->\r\n    \r\n  <!-- OneTrust Privacy Notice end -->\t\t<\/div>\n\t\t\t\t<\/div>\n\t\t\t\t\t<\/div>\n\t\t<\/div>\n\t\t\t\t\t<\/div>\n\t\t<\/section>\n\t\t\t\t<section data-particle_enable=\"false\" data-particle-mobile-disabled=\"false\" class=\"elementor-section elementor-top-section elementor-element elementor-element-678ce13 elementor-section-boxed elementor-section-height-default elementor-section-height-default\" data-id=\"678ce13\" data-element_type=\"section\" id=\"cookiespolicy\" data-settings=\"{&quot;background_background&quot;:&quot;classic&quot;}\">\n\t\t\t\t\t\t\t<div class=\"elementor-background-overlay\"><\/div>\n\t\t\t\t\t\t\t<div class=\"elementor-container elementor-column-gap-default\">\n\t\t\t\t\t<div class=\"elementor-column elementor-col-100 elementor-top-column elementor-element elementor-element-bb317b9\" data-id=\"bb317b9\" data-element_type=\"column\">\n\t\t\t<div class=\"elementor-widget-wrap elementor-element-populated\">\n\t\t\t\t\t\t<div class=\"elementor-element elementor-element-6b96196 elementor-widget elementor-widget-html\" data-id=\"6b96196\" data-element_type=\"widget\" data-widget_type=\"html.default\">\n\t\t\t\t<div class=\"elementor-widget-container\">\n\t\t\t<!-- OneTrust Privacy Notice start -->\r\n  <!-- Container in which the privacy notice will be rendered -->\r\n  <div id=\"otnotice-af1bdc0a-b522-4b82-af21-2b5e3b48355b\" class=\"otnotice\"><\/div>\r\n  \r\n  <script src=\"https:\/\/privacyportal-br-cdn.onetrust.com\/privacy-notice-scripts\/otnotice-1.0.min.js\" type=\"text\/javascript\" charset=\"UTF-8\" id=\"otprivacy-notice-script\">\r\n      settings=\"eyJjYWxsYmFja1VybCI6Imh0dHBzOi8vcHJpdmFjeXBvcnRhbC1ici5vbmV0cnVzdC5jb20vcmVxdWVzdC92MS9wcml2YWN5Tm90aWNlcy9zdGF0cy92aWV3cyJ9\"\r\n    <\/script>\r\n  \r\n  <script type=\"text\/javascript\" charset=\"UTF-8\">\r\n      \/\/ To ensure external settings are loaded, use the Initialized promise:\r\n      OneTrust.NoticeApi.Initialized.then(function() {\r\n        OneTrust.NoticeApi.LoadNotices([\"https:\/\/privacyportal-br-cdn.onetrust.com\/fbf53af1-5517-4102-a6d9-3a34f66e23eb\/privacy-notices\/af1bdc0a-b522-4b82-af21-2b5e3b48355b.json\"]);\r\n      });\r\n    <\/script>\r\n    \r\n  <!-- OneTrust Privacy Notice end -->\t\t<\/div>\n\t\t\t\t<\/div>\n\t\t\t\t\t<\/div>\n\t\t<\/div>\n\t\t\t\t\t<\/div>\n\t\t<\/section>\n\t\t\t\t<\/div>","protected":false},"excerpt":{"rendered":"<p>Privacidade(demonstra\u00e7\u00e3o) Aqui na nossa sess\u00e3o de privacidade, voc\u00ea pode exercer seu direito como titular.\u00a0Caso tamb\u00e9m prefira, pode, de forma independente, atualizar suas prefer\u00eancias de consentimento para algum cadastro realizado anteriormente em nosso site. Ou abrir um registro de incidente.Para todos os casos acima, voc\u00ea tamb\u00e9m pode exercer seu direito como titular de dados, atualizar as&hellip; <a class=\"more-link\" href=\"https:\/\/onetrustdemo.com\/en\/privacidade\/\">Continue reading <span class=\"screen-reader-text\">Privacy<\/span><\/a><\/p>","protected":false},"author":1,"featured_media":0,"parent":0,"menu_order":0,"comment_status":"closed","ping_status":"closed","template":"elementor_header_footer","meta":{"footnotes":""},"_links":{"self":[{"href":"https:\/\/onetrustdemo.com\/en\/wp-json\/wp\/v2\/pages\/296"}],"collection":[{"href":"https:\/\/onetrustdemo.com\/en\/wp-json\/wp\/v2\/pages"}],"about":[{"href":"https:\/\/onetrustdemo.com\/en\/wp-json\/wp\/v2\/types\/page"}],"author":[{"embeddable":true,"href":"https:\/\/onetrustdemo.com\/en\/wp-json\/wp\/v2\/users\/1"}],"replies":[{"embeddable":true,"href":"https:\/\/onetrustdemo.com\/en\/wp-json\/wp\/v2\/comments?post=296"}],"version-history":[{"count":265,"href":"https:\/\/onetrustdemo.com\/en\/wp-json\/wp\/v2\/pages\/296\/revisions"}],"predecessor-version":[{"id":1145,"href":"https:\/\/onetrustdemo.com\/en\/wp-json\/wp\/v2\/pages\/296\/revisions\/1145"}],"wp:attachment":[{"href":"https:\/\/onetrustdemo.com\/en\/wp-json\/wp\/v2\/media?parent=296"}],"curies":[{"name":"wp","href":"https:\/\/api.w.org\/{rel}","templated":true}]}}